{"id":28490,"date":"2016-04-10T11:00:17","date_gmt":"2016-04-10T07:30:17","guid":{"rendered":"http:\/\/www.iiees.ac.ir\/fa\/product\/the-uplifting-behavior-of-shallow-buried-pipelines-within-the-lique%ef%ac%81able-soils-under-cyclic-loadings\/"},"modified":"2016-04-18T10:32:10","modified_gmt":"2016-04-18T07:02:10","slug":"the-uplifting-behavior-of-shallow-buried-pipelines-within-the-lique%ef%ac%81able-soils-under-cyclic-loadings","status":"publish","type":"product","link":"http:\/\/old.iiees.ac.ir\/fa\/product\/the-uplifting-behavior-of-shallow-buried-pipelines-within-the-lique%ef%ac%81able-soils-under-cyclic-loadings\/","title":{"rendered":"THE UPL\u0130FT\u0130NG BEHAV\u0130OR OF SHALLOW BUR\u0130ED P\u0130PEL\u0130NES W\u0130TH\u0130N THE L\u0130QUE\ufb01ABLE SO\u0130LS UNDER  CYCL\u0130C LOAD\u0130NGS"},"content":{"rendered":"","protected":false},"excerpt":{"rendered":"","protected":false},"featured_media":0,"comment_status":"open","ping_status":"closed","template":"","meta":[],"product_cat":[205],"product_tag":[],"class_list":["post-28490","product","type-product","status-publish","hentry","product_cat-see7"],"_links":{"self":[{"href":"http:\/\/old.iiees.ac.ir\/fa\/wp-json\/wp\/v2\/product\/28490","targetHints":{"allow":["GET"]}}],"collection":[{"href":"http:\/\/old.iiees.ac.ir\/fa\/wp-json\/wp\/v2\/product"}],"about":[{"href":"http:\/\/old.iiees.ac.ir\/fa\/wp-json\/wp\/v2\/types\/product"}],"replies":[{"embeddable":true,"href":"http:\/\/old.iiees.ac.ir\/fa\/wp-json\/wp\/v2\/comments?post=28490"}],"wp:attachment":[{"href":"http:\/\/old.iiees.ac.ir\/fa\/wp-json\/wp\/v2\/media?parent=28490"}],"wp:term":[{"taxonomy":"product_cat","embeddable":true,"href":"http:\/\/old.iiees.ac.ir\/fa\/wp-json\/wp\/v2\/product_cat?post=28490"},{"taxonomy":"product_tag","embeddable":true,"href":"http:\/\/old.iiees.ac.ir\/fa\/wp-json\/wp\/v2\/product_tag?post=28490"}],"curies":[{"name":"wp","href":"https:\/\/api.w.org\/{rel}","templated":true}]}}